{"id":18,"date":"2020-01-22T19:34:45","date_gmt":"2020-01-22T19:34:45","guid":{"rendered":"http:\/\/wp.waschbaerschutz.de\/?page_id=18"},"modified":"2025-10-02T08:24:45","modified_gmt":"2025-10-02T08:24:45","slug":"waschbaer-und-mensch","status":"publish","type":"page","link":"https:\/\/waschbaerschutz.de\/?page_id=18","title":{"rendered":"Waschb\u00e4r und Mensch"},"content":{"rendered":"<div class=\"wp-block-image ticss-680eb70f is-style-default\">\n<figure class=\"aligncenter size-full is-resized\"><img loading=\"lazy\" decoding=\"async\" width=\"200\" height=\"144\" src=\"https:\/\/waschbaerschutz.de\/wp-content\/uploads\/2020\/02\/waschbar_mensch_haustier.jpg\" alt=\"\" class=\"wp-image-242\" style=\"width:200px;height:144px\"\/><\/figure>\n<\/div>\n\n\n<p>Alles was ein Waschb\u00e4r braucht, findet er in menschlichen \nSiedlungen, und zwar in gro\u00dfen Mengen und von hoher Qualit\u00e4t. Es ist \ndaher ganz nat\u00fcrlich, dass er diesen Lebensraum auch nutzt, so wie es \nAmsel, Igel, Fuchs &amp; Co. ebenfalls tun.<\/p>\n\n\n\n<div class=\"wp-block-media-text alignwide is-stacked-on-mobile ticss-395dd815\" style=\"grid-template-columns:28% auto\"><figure class=\"wp-block-media-text__media\"><img loading=\"lazy\" decoding=\"async\" width=\"200\" height=\"144\" src=\"http:\/\/waschbaerschutz.de\/wp-content\/uploads\/2020\/02\/waschbar_mensch_haustier.jpg\" alt=\"\" class=\"wp-image-242 size-full\"\/><\/figure><div class=\"wp-block-media-text__content\">\n<p>Geb\u00e4ude\n eignen sich hervorragend, um sich zu verstecken, den Tag zu \nverschlafen, die Jungen aufzuziehen und die kalte Jahreszeit zu \n\u00fcberstehen. Der Aufstieg auf das Dach gelingt dabei zumindest \u00fcber das <strong>Fallrohr<\/strong> der <strong>Regenrinne<\/strong> oder <strong>angrenzende B\u00e4ume<\/strong>.\n \u00dcber verschobene Ziegeln oder andere Schwachstellen, die z.T. ge\u00f6ffnet \noder vergr\u00f6\u00dfert werden, geht es dann auf den Dachboden, in \nZwischendecken usw. oder direkt in den Schornstein. B\u00e4ume, die diese \nBed\u00fcrfnisse im Wald erf\u00fcllen, stehen auch in der Stadt zur Verf\u00fcgung. \nSogar die Kanalisation wird als Schlafplatz genutzt.<\/p>\n<\/div><\/div>\n\n\n\n<p class=\"ticss-424e038d\">Geb\u00e4ude  eignen sich hervorragend, um sich zu verstecken, den Tag zu  verschlafen, die Jungen aufzuziehen und die kalte Jahreszeit zu  \u00fcberstehen. Der Aufstieg auf das Dach gelingt dabei zumindest \u00fcber das <strong>Fallrohr<\/strong> der <strong>Regenrinne<\/strong> oder <strong>angrenzende B\u00e4ume<\/strong>.  \u00dcber verschobene Ziegeln oder andere Schwachstellen, die z.T. ge\u00f6ffnet  oder vergr\u00f6\u00dfert werden, geht es dann auf den Dachboden, in  Zwischendecken usw. oder direkt in den Schornstein. B\u00e4ume, die diese  Bed\u00fcrfnisse im Wald erf\u00fcllen, stehen auch in der Stadt zur Verf\u00fcgung.  Sogar die Kanalisation wird als Schlafplatz genutzt. <\/p>\n\n\n\n<p><\/p>\n\n\n\n<p>Die Ern\u00e4hrungsm\u00f6glichkeiten in der Stadt sind wie im <strong>Waschb\u00e4ren-Schlaraffenland<\/strong>: Regenw\u00fcrmer auf kurzgeschorenem Rasen, vernachl\u00e4ssigte Obstb\u00e4ume usw., vor allem aber Speisereste auf dem Kompost, in M\u00fclltonnen, \u00f6ffentlichen Papierk\u00f6rben und hinter Imbissbuden &#8211; und das rund ums Jahr. Nicht zu vergessen ist das Futter, das so mancher wohlmeinende Waschb\u00e4rliebhaber in erheblichen Mengen bereitstellt.<\/p>\n\n\n\n<p>Die Ursache der z.T. sehr gro\u00dfen Zahl von Waschb\u00e4ren in urbanen R\u00e4umen ist dieses <strong>hochwertige Nahrungsangebot<\/strong>,\n das die Stadtbev\u00f6lkerung hinterl\u00e4sst und das die Waschb\u00e4ren zu nutzen \nwissen. Nur durch eine Verknappung dieser Nahrungsgrundlage lie\u00dfe sich \ndie Populationsdichte der Stadt-Waschb\u00e4ren nachhaltig reduzieren. Da \naber eine betr\u00e4chtliche Anzahl von Waschb\u00e4ren in jedem Fall in der Stadt\n ihr Auskommen findet, m\u00fcssen Sie au\u00dferdem wirksame Ma\u00dfnahmen zum Schutz\n Ihres Hauses ergreifen.<\/p>\n\n\n\n<p><\/p>\n","protected":false},"excerpt":{"rendered":"<p>Alles was ein Waschb\u00e4r braucht, findet er in menschlichen Siedlungen, und zwar in gro\u00dfen Mengen und von hoher Qualit\u00e4t. Es ist daher ganz nat\u00fcrlich, dass er diesen Lebensraum auch nutzt, so wie es Amsel, Igel, Fuchs &amp; Co. ebenfalls tun. Geb\u00e4ude eignen sich hervorragend, um sich zu verstecken, den Tag zu verschlafen, die Jungen aufzuziehen&hellip;&nbsp;<a href=\"https:\/\/waschbaerschutz.de\/?page_id=18\" rel=\"bookmark\">Weiterlesen &raquo;<span class=\"screen-reader-text\">Waschb\u00e4r und Mensch<\/span><\/a><\/p>\n","protected":false},"author":1,"featured_media":0,"parent":0,"menu_order":0,"comment_status":"closed","ping_status":"closed","template":"","meta":{"neve_meta_sidebar":"","neve_meta_container":"","neve_meta_enable_content_width":"off","neve_meta_content_width":0,"neve_meta_title_alignment":"","neve_meta_author_avatar":"","neve_post_elements_order":"","neve_meta_disable_header":"","neve_meta_disable_footer":"","neve_meta_disable_title":"","_themeisle_gutenberg_block_has_review":false,"footnotes":""},"class_list":["post-18","page","type-page","status-publish","hentry"],"_links":{"self":[{"href":"https:\/\/waschbaerschutz.de\/index.php?rest_route=\/wp\/v2\/pages\/18","targetHints":{"allow":["GET"]}}],"collection":[{"href":"https:\/\/waschbaerschutz.de\/index.php?rest_route=\/wp\/v2\/pages"}],"about":[{"href":"https:\/\/waschbaerschutz.de\/index.php?rest_route=\/wp\/v2\/types\/page"}],"author":[{"embeddable":true,"href":"https:\/\/waschbaerschutz.de\/index.php?rest_route=\/wp\/v2\/users\/1"}],"replies":[{"embeddable":true,"href":"https:\/\/waschbaerschutz.de\/index.php?rest_route=%2Fwp%2Fv2%2Fcomments&post=18"}],"version-history":[{"count":22,"href":"https:\/\/waschbaerschutz.de\/index.php?rest_route=\/wp\/v2\/pages\/18\/revisions"}],"predecessor-version":[{"id":701,"href":"https:\/\/waschbaerschutz.de\/index.php?rest_route=\/wp\/v2\/pages\/18\/revisions\/701"}],"wp:attachment":[{"href":"https:\/\/waschbaerschutz.de\/index.php?rest_route=%2Fwp%2Fv2%2Fmedia&parent=18"}],"curies":[{"name":"wp","href":"https:\/\/api.w.org\/{rel}","templated":true}]}}