{"id":19,"date":"2020-01-22T19:34:45","date_gmt":"2020-01-22T19:34:45","guid":{"rendered":"http:\/\/wp.waschbaerschutz.de\/?page_id=19"},"modified":"2025-10-02T08:54:22","modified_gmt":"2025-10-02T08:54:22","slug":"finger-weg","status":"publish","type":"page","link":"https:\/\/waschbaerschutz.de\/?page_id=19","title":{"rendered":"Finger weg!"},"content":{"rendered":"\n<h3 class=\"wp-block-heading has-text-align-center ticss-904fa8cf\">F\u00fcttern<\/h3>\n\n\n\n<div class=\"wp-block-media-text alignwide is-stacked-on-mobile is-vertically-aligned-center ticss-6db7e50b\" style=\"grid-template-columns:24% auto\"><figure class=\"wp-block-media-text__media\"><img loading=\"lazy\" decoding=\"async\" width=\"200\" height=\"144\" src=\"http:\/\/waschbaerschutz.de\/wp-content\/uploads\/2020\/02\/fingerweg_fuettern.jpg\" alt=\"\" class=\"wp-image-248 size-full\"\/><\/figure><div class=\"wp-block-media-text__content\">\n<h2 class=\"wp-block-heading\">F\u00fcttern<\/h2>\n\n\n\n<p><strong>Waschb\u00e4ren brauchen Ihr Futter nicht<\/strong>.  Sie finden im Siedlungsgebiet mehr als genug! Futterzahme Tiere k\u00f6nnen  dreist und aggressiv werden. Wenn Sie regelm\u00e4\u00dfig gr\u00f6\u00dfere Mengen f\u00fcttern,  vermehren Sie den Bestand an Waschb\u00e4ren und damit auch die Probleme.  Die es mit ihnen gibt. Sie tun damit weder sich noch Ihren Nachbarn  einen Gefallen, aber auch den Waschb\u00e4ren nicht: Es gibt nur Verlierer!<\/p>\n<\/div><\/div>\n\n\n\n<div class=\"wp-block-group ticss-05a152f3\"><div class=\"wp-block-group__inner-container is-layout-flow wp-block-group-is-layout-flow\"><div class=\"wp-block-image\">\n<figure class=\"aligncenter size-full is-resized\"><img loading=\"lazy\" decoding=\"async\" width=\"200\" height=\"144\" src=\"http:\/\/waschbaerschutz.de\/wp-content\/uploads\/2020\/02\/fingerweg_fuettern.jpg\" alt=\"\" class=\"wp-image-248\" style=\"width:253px;height:182px\"\/><\/figure>\n<\/div>\n\n\n<p><\/p>\n\n\n\n<p><strong>Waschb\u00e4ren brauchen Ihr Futter nicht<\/strong>.\n Sie finden im Siedlungsgebiet mehr als genug! Futterzahme Tiere k\u00f6nnen \ndreist und aggressiv werden. Wenn Sie regelm\u00e4\u00dfig gr\u00f6\u00dfere Mengen f\u00fcttern,\n vermehren Sie den Bestand an Waschb\u00e4ren und damit auch die Probleme. \nDie es mit ihnen gibt. Sie tun damit weder sich noch Ihren Nachbarn \neinen Gefallen, aber auch den Waschb\u00e4ren nicht: Es gibt nur Verlierer!<\/p>\n<\/div><\/div>\n\n\n\n<h3 class=\"wp-block-heading has-text-align-center ticss-b6755b55\">Vergr\u00e4men<\/h3>\n\n\n\n<div class=\"wp-block-group ticss-f7110d4c\"><div class=\"wp-block-group__inner-container is-layout-flow wp-block-group-is-layout-flow\"><div class=\"wp-block-image\">\n<figure class=\"aligncenter size-full\"><img loading=\"lazy\" decoding=\"async\" width=\"300\" height=\"224\" src=\"http:\/\/waschbaerschutz.de\/wp-content\/uploads\/2020\/02\/schaeden_muell.jpg\" alt=\"\" class=\"wp-image-286\"\/><\/figure>\n<\/div>\n\n\n<p><\/p>\n\n\n\n<p>L\u00e4rm\n machen; Radio, Kassetten oder Ultraschallger\u00e4te laufen lassen; \nAnleuchten; das Ganze durch Zeitschaltuhren oder Bewegungsmelder \nsteuern; Mottenkugeln, Pfefferstreu, mit ammoniakhaltigen Fl\u00fcssigkeiten \n(WC- und Rohrreiniger) oder mit Hunde-\/Raubtier-Urin getr\u00e4nkte Lappen \noder benutze Babywindeln auslegen und dergleichen mehr. <strong>Das alles kann Ihnen viel Arbeit machen, der Erfolg wird sich<\/strong> &#8211; wenn \u00fcberhaupt &#8211; <strong>nur kurzfristig einstellen<\/strong> und im Endeffekt werden Sie sich selbst mehr gest\u00f6rt f\u00fchlen als die Waschb\u00e4ren.<\/p>\n<\/div><\/div>\n\n\n\n<h3 class=\"wp-block-heading has-text-align-center ticss-5d948d05\">Falsche Baumassnahme<\/h3>\n\n\n\n<div class=\"wp-block-group ticss-baa18d76\"><div class=\"wp-block-group__inner-container is-layout-flow wp-block-group-is-layout-flow\"><div class=\"wp-block-image\">\n<figure class=\"aligncenter size-full is-resized\"><img loading=\"lazy\" decoding=\"async\" width=\"200\" height=\"144\" src=\"http:\/\/waschbaerschutz.de\/wp-content\/uploads\/2020\/02\/das_tier_baumassnahmen.jpg\" alt=\"\" class=\"wp-image-247\" style=\"width:274px;height:197px\"\/><\/figure>\n<\/div>\n\n\n<p><\/p>\n\n\n\n<p>Halbherzige\n Versuche, Aufstiegsm\u00f6glichkeiten zu verhindern und Einschlupfl\u00f6cher zu \nschlie\u00dfen, k\u00f6nnen im Endeffekt mehr Schaden verursachen als verhindern. \nDenn die <strong>Waschb\u00e4ren werden versuchen, die Einstiege mit Gewalt wieder zu \u00f6ffnen<\/strong> oder andere Schwachstellen zu finden und damit neue Sch\u00e4den verursachen.<\/p>\n<\/div><\/div>\n\n\n\n<h3 class=\"wp-block-heading has-text-align-center ticss-78491da3\">Waisenkinder aufp\u00e4ppeln<\/h3>\n\n\n\n<div class=\"wp-block-group ticss-e4861ea3\"><div class=\"wp-block-group__inner-container is-layout-flow wp-block-group-is-layout-flow\"><div class=\"wp-block-image\">\n<figure class=\"aligncenter size-full is-resized\"><img loading=\"lazy\" decoding=\"async\" width=\"200\" height=\"144\" src=\"http:\/\/waschbaerschutz.de\/wp-content\/uploads\/2020\/02\/waschbar_mensch_waisenkinder.jpg\" alt=\"\" class=\"wp-image-251\" style=\"width:287px;height:207px\"\/><\/figure>\n<\/div>\n\n\n<p><\/p>\n\n\n\n<p>Es\n ist unverantwortlich Findelkinder im Haus oder unter ungeeigneten \nBedingungen aufzuziehen und sp\u00e4ter in der Stadt laufen zu lassen oder im\n Haus oder in einem Gehege zu halten. <strong>Kaufen Sie keinen Waschb\u00e4ren als &#8222;Haustier&#8220;<\/strong> &#8211; er ist keines und wird nie eines!<\/p>\n\n\n\n<p><\/p>\n<\/div><\/div>\n\n\n\n<p><\/p>\n\n\n\n<div class=\"wp-block-media-text alignwide is-stacked-on-mobile ticss-098ccbd5\" style=\"grid-template-columns:24% auto\"><figure class=\"wp-block-media-text__media\"><img loading=\"lazy\" decoding=\"async\" width=\"200\" height=\"144\" src=\"http:\/\/waschbaerschutz.de\/wp-content\/uploads\/2020\/02\/fingerweg_vergraemen.jpg\" alt=\"\" class=\"wp-image-249 size-full\"\/><\/figure><div class=\"wp-block-media-text__content\">\n<h2 class=\"wp-block-heading\">Vergr\u00e4men<\/h2>\n\n\n\n<p>L\u00e4rm erzeugen; Ger\u00e4te laufen lassen; Anleuchten; das Ganze durch Zeitschaltuhren oder Bewegungsmelder steuern; Mottenkugeln, Pfefferstreu, mit ammoniakhaltigen Fl\u00fcssigkeiten (WC- und Rohrreiniger) oder mit Hunde-\/Raubtier-Urin getr\u00e4nkte Lappen oder benutzte Babywindeln auslegen und dergleichen. <strong>Das alles kann Ihnen viel Arbeit machen, der Erfolg wird sich<\/strong> &#8211; wenn \u00fcberhaupt &#8211; <strong>nur kurzfristig einstellen<\/strong> und im Endeffekt werden Sie sich selbst mehr gest\u00f6rt f\u00fchlen als die Waschb\u00e4ren.<\/p>\n<\/div><\/div>\n\n\n\n<p><\/p>\n\n\n\n<div class=\"wp-block-media-text alignwide is-stacked-on-mobile is-vertically-aligned-center ticss-6e4e596b\" style=\"grid-template-columns:24% auto\"><figure class=\"wp-block-media-text__media\"><img loading=\"lazy\" decoding=\"async\" width=\"200\" height=\"144\" src=\"http:\/\/waschbaerschutz.de\/wp-content\/uploads\/2020\/02\/das_tier_baumassnahmen.jpg\" alt=\"\" class=\"wp-image-247 size-full\"\/><\/figure><div class=\"wp-block-media-text__content\">\n<h2 class=\"wp-block-heading\">Falsche Baumassnahme<\/h2>\n\n\n\n<p>Halbherzige  Versuche, Aufstiegsm\u00f6glichkeiten zu verhindern und Einschlupfl\u00f6cher zu  schlie\u00dfen, k\u00f6nnen im Endeffekt mehr Schaden verursachen als verhindern.  Denn die <strong>Waschb\u00e4ren werden versuchen, die Einstiege mit Gewalt wieder zu \u00f6ffnen<\/strong> oder andere Schwachstellen zu finden und damit neue Sch\u00e4den verursachen.<\/p>\n<\/div><\/div>\n\n\n\n<p><\/p>\n\n\n\n<div class=\"wp-block-media-text alignwide is-stacked-on-mobile is-vertically-aligned-center ticss-058d506b\" style=\"grid-template-columns:24% auto\"><figure class=\"wp-block-media-text__media\"><img loading=\"lazy\" decoding=\"async\" width=\"200\" height=\"144\" src=\"http:\/\/waschbaerschutz.de\/wp-content\/uploads\/2020\/02\/waschbar_mensch_waisenkinder.jpg\" alt=\"\" class=\"wp-image-251 size-full\"\/><\/figure><div class=\"wp-block-media-text__content\">\n<h2 class=\"wp-block-heading\">Waisenkinder aufp\u00e4ppeln<\/h2>\n\n\n\n<p>Es  ist unverantwortlich Findelkinder im Haus oder unter ungeeigneten  Bedingungen aufzuziehen und sp\u00e4ter in der Stadt laufen zu lassen oder im  Haus oder in einem Gehege zu halten. <strong>Kaufen Sie keinen Waschb\u00e4ren als &#8222;Haustier&#8220;<\/strong> &#8211; er ist keines und wird nie eines!<\/p>\n<\/div><\/div>\n\n\n\n<p><\/p>\n\n\n\n<h3 class=\"wp-block-heading has-text-align-center\">Fangen, T\u00f6ten und Deportieren<\/h3>\n\n\n\n<p>Es gibt zu viele Waschb\u00e4ren, um mit den erlaubten jagdlichen \nMitteln im st\u00e4dtischen Umfeld eine nachhaltige Bestandsreduzierung \nbewirken zu k\u00f6nnen, denn Waschb\u00e4ren k\u00f6nne hohe Verlustraten durch \nvermehrte Fortpflanzung ausgleichen: <strong>Je mehr Waschb\u00e4ren get\u00f6tet werden, umso mehr Jungtiere kommen nach<\/strong>.\n Die vielen Jungtiere machen aber u.U. mehr Probleme als die Alten, und \ndie Gefahr einer Ausbreitung von Krankheiten und Parasiten wird durch \ndie abwandernden Jungtiere erh\u00f6ht statt vermindert. Ein Waschb\u00e4r, den \nSie z.B. im Kasseler Nordwesten fangen und &#8222;weg&#8220; bringen oder t\u00f6ten \nlassen, ist nur einer von f \u00fc n f z i g , die bei Ihnen manchmal \nvorbeischauen.<\/p>\n\n\n\n<p class=\"has-text-align-center\"><strong>Wichtig ist die Nahrungsgrundlage so gering wie m\u00f6glich zu halten!<\/strong><\/p>\n","protected":false},"excerpt":{"rendered":"<p>F\u00fcttern F\u00fcttern Waschb\u00e4ren brauchen Ihr Futter nicht. Sie finden im Siedlungsgebiet mehr als genug! Futterzahme Tiere k\u00f6nnen dreist und aggressiv werden. Wenn Sie regelm\u00e4\u00dfig gr\u00f6\u00dfere Mengen f\u00fcttern, vermehren Sie den Bestand an Waschb\u00e4ren und damit auch die Probleme. Die es mit ihnen gibt. Sie tun damit weder sich noch Ihren Nachbarn einen Gefallen, aber auch&hellip;&nbsp;<a href=\"https:\/\/waschbaerschutz.de\/?page_id=19\" rel=\"bookmark\">Weiterlesen &raquo;<span class=\"screen-reader-text\">Finger weg!<\/span><\/a><\/p>\n","protected":false},"author":1,"featured_media":0,"parent":0,"menu_order":0,"comment_status":"closed","ping_status":"closed","template":"","meta":{"neve_meta_sidebar":"","neve_meta_container":"","neve_meta_enable_content_width":"off","neve_meta_content_width":0,"neve_meta_title_alignment":"","neve_meta_author_avatar":"","neve_post_elements_order":"","neve_meta_disable_header":"","neve_meta_disable_footer":"","neve_meta_disable_title":"","_themeisle_gutenberg_block_has_review":false,"footnotes":""},"class_list":["post-19","page","type-page","status-publish","hentry"],"_links":{"self":[{"href":"https:\/\/waschbaerschutz.de\/index.php?rest_route=\/wp\/v2\/pages\/19","targetHints":{"allow":["GET"]}}],"collection":[{"href":"https:\/\/waschbaerschutz.de\/index.php?rest_route=\/wp\/v2\/pages"}],"about":[{"href":"https:\/\/waschbaerschutz.de\/index.php?rest_route=\/wp\/v2\/types\/page"}],"author":[{"embeddable":true,"href":"https:\/\/waschbaerschutz.de\/index.php?rest_route=\/wp\/v2\/users\/1"}],"replies":[{"embeddable":true,"href":"https:\/\/waschbaerschutz.de\/index.php?rest_route=%2Fwp%2Fv2%2Fcomments&post=19"}],"version-history":[{"count":33,"href":"https:\/\/waschbaerschutz.de\/index.php?rest_route=\/wp\/v2\/pages\/19\/revisions"}],"predecessor-version":[{"id":718,"href":"https:\/\/waschbaerschutz.de\/index.php?rest_route=\/wp\/v2\/pages\/19\/revisions\/718"}],"wp:attachment":[{"href":"https:\/\/waschbaerschutz.de\/index.php?rest_route=%2Fwp%2Fv2%2Fmedia&parent=19"}],"curies":[{"name":"wp","href":"https:\/\/api.w.org\/{rel}","templated":true}]}}