{"id":22,"date":"2020-01-22T19:34:45","date_gmt":"2020-01-22T19:34:45","guid":{"rendered":"http:\/\/wp.waschbaerschutz.de\/?page_id=22"},"modified":"2023-01-17T14:51:20","modified_gmt":"2023-01-17T14:51:20","slug":"ueber-uns","status":"publish","type":"page","link":"https:\/\/waschbaerschutz.de\/?page_id=22","title":{"rendered":"\u00dcber uns"},"content":{"rendered":"\n<p>Seite Mitte der <strong>neunziger Jahre<\/strong> besch\u00e4ftigen wir uns mit <strong>Waschb\u00e4ren, Mardern und Co.<\/strong>\n im besiedelten Raum. Die anf\u00e4ngliche Aus\u00fcbung der Fangjagd brachte \nkeine Minimierung der Sch\u00e4den. Die ersten Ma\u00dfnahmen zum Schutz der \nGeb\u00e4ude wurden montiert. Die Zunahme der Population und der Wunsch von \nHausbesitzern nach effektivem aber nicht sehr auff\u00e4lligem Schutz wurden \nst\u00e4ndig gr\u00f6\u00dfer.<\/p>\n\n\n\n<p>Waschb\u00e4r und Marder entwickelten st\u00e4ndig neue Kletterf\u00e4higkeiten an Geb\u00e4uden. Hierauf reagierten wir mit <strong>st\u00e4ndiger Weiterentwicklung<\/strong> in Art und Umfang sowie Materialauswahl. Wir entwickelten ein spezielles <strong>E-Zaunsystem<\/strong> zum Schutz von Geb\u00e4uden. <strong>Spezialisolatoren<\/strong> wurden konstruiert und werden in eigener Werkstatt hergestellt. Herr Becker betreibt seit \u00fcber <strong>25 Jahren<\/strong> einen <strong>Forstbetrieb<\/strong>, besitzt den Gesellenbrief zum <strong>Elektroinstallateur<\/strong> und ist <strong>staatlich gepr\u00fcfter Jagdaufseher<\/strong>.<\/p>\n\n\n\n<figure class=\"wp-block-gallery aligncenter has-nested-images columns-2 is-cropped wp-block-gallery-1 is-layout-flex wp-block-gallery-is-layout-flex\">\n<figure class=\"wp-block-image\"><img loading=\"lazy\" decoding=\"async\" width=\"268\" height=\"200\" data-id=\"253\" src=\"https:\/\/waschbaerschutz.de\/wp-content\/uploads\/2020\/02\/becker_montage.jpg\" alt=\"\" class=\"wp-image-253\"\/><\/figure>\n\n\n\n<figure class=\"wp-block-image\"><img loading=\"lazy\" decoding=\"async\" width=\"268\" height=\"200\" data-id=\"254\" src=\"https:\/\/waschbaerschutz.de\/wp-content\/uploads\/2020\/02\/waschbaer_rohr.jpg\" alt=\"\" class=\"wp-image-254\"\/><\/figure>\n<\/figure>\n\n\n\n<p><\/p>\n","protected":false},"excerpt":{"rendered":"<p>Seite Mitte der neunziger Jahre besch\u00e4ftigen wir uns mit Waschb\u00e4ren, Mardern und Co. im besiedelten Raum. Die anf\u00e4ngliche Aus\u00fcbung der Fangjagd brachte keine Minimierung der Sch\u00e4den. Die ersten Ma\u00dfnahmen zum Schutz der Geb\u00e4ude wurden montiert. Die Zunahme der Population und der Wunsch von Hausbesitzern nach effektivem aber nicht sehr auff\u00e4lligem Schutz wurden st\u00e4ndig gr\u00f6\u00dfer. Waschb\u00e4r&hellip;&nbsp;<a href=\"https:\/\/waschbaerschutz.de\/?page_id=22\" rel=\"bookmark\">Weiterlesen &raquo;<span class=\"screen-reader-text\">\u00dcber uns<\/span><\/a><\/p>\n","protected":false},"author":1,"featured_media":0,"parent":0,"menu_order":0,"comment_status":"closed","ping_status":"closed","template":"","meta":{"neve_meta_sidebar":"","neve_meta_container":"","neve_meta_enable_content_width":"off","neve_meta_content_width":0,"neve_meta_title_alignment":"","neve_meta_author_avatar":"","neve_post_elements_order":"","neve_meta_disable_header":"","neve_meta_disable_footer":"","neve_meta_disable_title":"","_themeisle_gutenberg_block_has_review":false,"footnotes":""},"class_list":["post-22","page","type-page","status-publish","hentry"],"_links":{"self":[{"href":"https:\/\/waschbaerschutz.de\/index.php?rest_route=\/wp\/v2\/pages\/22","targetHints":{"allow":["GET"]}}],"collection":[{"href":"https:\/\/waschbaerschutz.de\/index.php?rest_route=\/wp\/v2\/pages"}],"about":[{"href":"https:\/\/waschbaerschutz.de\/index.php?rest_route=\/wp\/v2\/types\/page"}],"author":[{"embeddable":true,"href":"https:\/\/waschbaerschutz.de\/index.php?rest_route=\/wp\/v2\/users\/1"}],"replies":[{"embeddable":true,"href":"https:\/\/waschbaerschutz.de\/index.php?rest_route=%2Fwp%2Fv2%2Fcomments&post=22"}],"version-history":[{"count":6,"href":"https:\/\/waschbaerschutz.de\/index.php?rest_route=\/wp\/v2\/pages\/22\/revisions"}],"predecessor-version":[{"id":662,"href":"https:\/\/waschbaerschutz.de\/index.php?rest_route=\/wp\/v2\/pages\/22\/revisions\/662"}],"wp:attachment":[{"href":"https:\/\/waschbaerschutz.de\/index.php?rest_route=%2Fwp%2Fv2%2Fmedia&parent=22"}],"curies":[{"name":"wp","href":"https:\/\/api.w.org\/{rel}","templated":true}]}}