{"id":26,"date":"2020-01-22T19:34:45","date_gmt":"2020-01-22T19:34:45","guid":{"rendered":"http:\/\/wp.waschbaerschutz.de\/?page_id=26"},"modified":"2025-10-02T13:07:06","modified_gmt":"2025-10-02T13:07:06","slug":"presse","status":"publish","type":"page","link":"https:\/\/waschbaerschutz.de\/?page_id=26","title":{"rendered":"Presse"},"content":{"rendered":"\n<h2 class=\"wp-block-heading\">Reportagen<\/h2>\n\n\n\n<p>Guten Abend RTL: Waschb\u00e4renj\u00e4ger Frank Becker nimmt sich dem Problem Waschb\u00e4renplage an.<\/p>\n\n\n\n<figure class=\"wp-block-embed is-type-video is-provider-youtube wp-block-embed-youtube wp-embed-aspect-4-3 wp-has-aspect-ratio\"><div class=\"wp-block-embed__wrapper\">\n<div class=\"nv-iframe-embed\"><iframe loading=\"lazy\" title=\"Guten Abend RTL: Waschb\u00e4renj\u00e4ger Frank Becker nimmt sich dem Problem Waschb\u00e4renplage an\" width=\"1200\" height=\"900\" src=\"https:\/\/www.youtube.com\/embed\/fx_t38XZHdY?feature=oembed\" frameborder=\"0\" allow=\"accelerometer; autoplay; encrypted-media; gyroscope; picture-in-picture\" allowfullscreen><\/iframe><\/div>\n<\/div><\/figure>\n\n\n\n<p>Arte: Invasion der kleinen R\u00e4uber<\/p>\n\n\n\n<figure class=\"wp-block-embed is-type-video is-provider-youtube wp-block-embed-youtube wp-embed-aspect-16-9 wp-has-aspect-ratio\"><div class=\"wp-block-embed__wrapper\">\n<div class=\"nv-iframe-embed\"><iframe loading=\"lazy\" title=\"Invasion der kleinen R\u00e4uber\" width=\"1200\" height=\"675\" src=\"https:\/\/www.youtube.com\/embed\/Xkr38Vfb3Fc?feature=oembed\" frameborder=\"0\" allow=\"accelerometer; autoplay; encrypted-media; gyroscope; picture-in-picture\" allowfullscreen><\/iframe><\/div>\n<\/div><\/figure>\n\n\n\n<p><\/p>\n\n\n\n<h2 class=\"wp-block-heading\">Zeitungsartikel &amp; Post<\/h2>\n\n\n\n<p class=\"has-text-align-left wp-block-image size-large\"><img loading=\"lazy\" decoding=\"async\" width=\"35\" height=\"35\" class=\"wp-image-493\" src=\"http:\/\/waschbaerschutz.de\/wp-content\/uploads\/2020\/02\/pdf.gif\" alt=\"\"> <a aria-label=\" (\u00f6ffnet in neuem Tab)\" href=\"http:\/\/waschbaerschutz.de\/wp-content\/uploads\/2020\/02\/sie-richten-hohe-schaeden-an-HNAOnline.pdf\" target=\"_blank\" rel=\"noreferrer noopener\">HNA Online &#8211; Sie richten hohe Sch\u00e4den an<\/a> &#8211; Vom 16.01.2020 [PDF ~ 587KB]<\/p>\n\n\n\n<p class=\"has-text-align-left wp-block-image size-large\"><img loading=\"lazy\" decoding=\"async\" width=\"35\" height=\"35\" src=\"http:\/\/waschbaerschutz.de\/wp-content\/uploads\/2020\/02\/pdf.gif\" alt=\"\" class=\"wp-image-493\"> <a rel=\"noreferrer noopener\" aria-label=\" (\u00f6ffnet in neuem Tab)\" href=\"http:\/\/waschbaerschutz.de\/wp-content\/uploads\/2020\/02\/japan-hat-angst-vor-waschbaeren-HNAOnline.pdf\" target=\"_blank\">HNA Online: Japan hat Angst vor Waschb\u00e4ren &#8230;<\/a> &#8211; Vom 02.03.2012 [PDF ~ 521KB] <\/p>\n\n\n\n<p class=\"has-text-align-left wp-block-image size-large\"><img loading=\"lazy\" decoding=\"async\" width=\"35\" height=\"35\" src=\"http:\/\/waschbaerschutz.de\/wp-content\/uploads\/2020\/02\/pdf.gif\" alt=\"\" class=\"wp-image-493\"> <a rel=\"noreferrer noopener\" aria-label=\" (\u00f6ffnet in neuem Tab)\" href=\"http:\/\/waschbaerschutz.de\/wp-content\/uploads\/2020\/02\/Pirsch_Magazin_2012_Beitrag_Die_Baeren_sind_los.pdf\" target=\"_blank\">Pirsch Magazin: Die B\u00e4ren sind los &#8230;<\/a> &#8211; Vom 19.2012 [PDF ~ 1,3MB] <\/p>\n\n\n\n<p class=\"has-text-align-left wp-block-image size-large\"><img loading=\"lazy\" decoding=\"async\" width=\"35\" height=\"35\" src=\"http:\/\/waschbaerschutz.de\/wp-content\/uploads\/2020\/02\/pdf.gif\" alt=\"\" class=\"wp-image-493\"> <a rel=\"noreferrer noopener\" aria-label=\" (\u00f6ffnet in neuem Tab)\" href=\"http:\/\/waschbaerschutz.de\/wp-content\/uploads\/2020\/02\/goethe-gym.pdf\" target=\"_blank\">Briefsendung vom Goethe-Gymnasium in Kassel<\/a> &#8211; Vom 05.05.2008 [PDF ~ 146KB] <\/p>\n\n\n\n<p class=\"has-text-align-left wp-block-image size-large\"><img loading=\"lazy\" decoding=\"async\" width=\"35\" height=\"35\" src=\"http:\/\/waschbaerschutz.de\/wp-content\/uploads\/2020\/02\/pdf.gif\" alt=\"\" class=\"wp-image-493\"> <a rel=\"noreferrer noopener\" aria-label=\" (\u00f6ffnet in neuem Tab)\" href=\"http:\/\/waschbaerschutz.de\/wp-content\/uploads\/2020\/02\/hna_artikel3.pdf\" target=\"_blank\">HNA Zeitungsartikel &#8211; Der mit den H\u00e4nden kratzt<\/a> &#8211; Vom 15.08.2007 [PDF ~ 409KB] <\/p>\n\n\n\n<p class=\"has-text-align-left wp-block-image size-large\"><img loading=\"lazy\" decoding=\"async\" width=\"35\" height=\"35\" src=\"http:\/\/waschbaerschutz.de\/wp-content\/uploads\/2020\/02\/pdf.gif\" alt=\"\" class=\"wp-image-493\"> <a rel=\"noreferrer noopener\" aria-label=\" (\u00f6ffnet in neuem Tab)\" href=\"http:\/\/waschbaerschutz.de\/wp-content\/uploads\/2020\/02\/hna_artikel2.pdf\" target=\"_blank\">HNA Zeitungsartikel &#8211; Waschb\u00e4r arbeitet sich vor<\/a> &#8211; Vom 08.08.2007 [PDF ~ 369KB]  <\/p>\n\n\n\n<p class=\"has-text-align-left wp-block-image size-large\"><img loading=\"lazy\" decoding=\"async\" width=\"35\" height=\"35\" src=\"http:\/\/waschbaerschutz.de\/wp-content\/uploads\/2020\/02\/pdf.gif\" alt=\"\" class=\"wp-image-493\"> <a rel=\"noreferrer noopener\" aria-label=\" (\u00f6ffnet in neuem Tab)\" href=\"http:\/\/waschbaerschutz.de\/wp-content\/uploads\/2020\/02\/hna_artikel.pdf\" target=\"_blank\">HNA Zeitungsartikel &#8211; Der Waschb\u00e4r ist los<\/a> &#8211; Vom 21.07.2007 [PDF ~ 1018KB] <\/p>\n\n\n\n<p class=\"has-text-align-left wp-block-image size-large\"><img loading=\"lazy\" decoding=\"async\" width=\"35\" height=\"35\" src=\"http:\/\/waschbaerschutz.de\/wp-content\/uploads\/2020\/02\/pdf.gif\" alt=\"\" class=\"wp-image-493\"> <a rel=\"noreferrer noopener\" aria-label=\" (\u00f6ffnet in neuem Tab)\" href=\"http:\/\/waschbaerschutz.de\/wp-content\/uploads\/2020\/02\/brief_usa.pdf\" target=\"_blank\">Briefsendung aus USA<\/a> &#8211; Vom 03.06.2007 [PDF ~ 417KB] <\/p>\n\n\n\n<p class=\"has-text-align-left wp-block-image size-large\"><img loading=\"lazy\" decoding=\"async\" width=\"35\" height=\"35\" src=\"http:\/\/waschbaerschutz.de\/wp-content\/uploads\/2020\/02\/pdf.gif\" alt=\"\" class=\"wp-image-493\"> <a rel=\"noreferrer noopener\" aria-label=\" (\u00f6ffnet in neuem Tab)\" href=\"http:\/\/waschbaerschutz.de\/wp-content\/uploads\/2020\/02\/washingtonpost.pdf\" target=\"_blank\">The Washington Post &#8211; From Nazi Past, a Proliferating Pest<\/a> &#8211; Vom 26.05.2007 [PDF ~ 48KB] <\/p>\n\n\n\n<h2 class=\"wp-block-heading\">Literatur<\/h2>\n\n\n\n<div class=\"wp-block-media-text alignwide is-stacked-on-mobile\" style=\"grid-template-columns:24% auto\"><figure class=\"wp-block-media-text__media\"><img loading=\"lazy\" decoding=\"async\" width=\"200\" height=\"274\" src=\"http:\/\/waschbaerschutz.de\/wp-content\/uploads\/2020\/02\/buch_der-waschbaer.jpg\" alt=\"\" class=\"wp-image-510 size-full\"\/><\/figure><div class=\"wp-block-media-text__content\">\n<p>Buch zum Thema &#8222;Waschb\u00e4r&#8220;<br>Von Ingo Bartussek &amp; Ulf Hohmann.<br><a href=\"http:\/\/www.amazon.de\/Waschb\u00e4r-Ulf-Hohmann\/dp\/3886273040\/\" target=\"_blank\" rel=\"noreferrer noopener\" aria-label=\" (\u00f6ffnet in neuem Tab)\">Jetzt bei Amazon bestellen<\/a>.<\/p>\n<\/div><\/div>\n\n\n\n<p><\/p>\n\n\n\n<h2 class=\"wp-block-heading\">Weitere Berichte &amp; Reportagen<\/h2>\n\n\n\n<figure class=\"wp-block-gallery has-nested-images columns-5 is-cropped ticss-0608c095 wp-block-gallery-1 is-layout-flex wp-block-gallery-is-layout-flex\">\n<figure class=\"wp-block-image size-large\"><img loading=\"lazy\" decoding=\"async\" width=\"200\" height=\"151\" data-id=\"520\" src=\"https:\/\/waschbaerschutz.de\/wp-content\/uploads\/2020\/02\/dreharbeiten_bbc-london.jpg\" alt=\"\" class=\"wp-image-520\"\/><figcaption class=\"wp-element-caption\">Dreharbeiten mit dem BBC London Sommer 2005<\/figcaption><\/figure>\n\n\n\n<figure class=\"wp-block-image size-large\"><img loading=\"lazy\" decoding=\"async\" width=\"200\" height=\"147\" data-id=\"519\" src=\"https:\/\/waschbaerschutz.de\/wp-content\/uploads\/2020\/02\/tv_sueddeutsche.jpg\" alt=\"\" class=\"wp-image-519\"\/><figcaption class=\"wp-element-caption\">TV Beitrag und Video S\u00fcddeutsche TV vom 30.06.2003<\/figcaption><\/figure>\n\n\n\n<figure class=\"wp-block-image size-large\"><img loading=\"lazy\" decoding=\"async\" width=\"200\" height=\"144\" data-id=\"522\" src=\"https:\/\/waschbaerschutz.de\/wp-content\/uploads\/2020\/02\/tv_akte02.jpg\" alt=\"\" class=\"wp-image-522\"\/><figcaption class=\"wp-element-caption\">TV Bericht im Sat 1 &#8218;Akte 02&#8216;, Juli 2002<\/figcaption><\/figure>\n\n\n\n<figure class=\"wp-block-image size-large\"><img loading=\"lazy\" decoding=\"async\" width=\"200\" height=\"144\" data-id=\"521\" src=\"https:\/\/waschbaerschutz.de\/wp-content\/uploads\/2020\/02\/spiegel_tv2002.jpg\" alt=\"\" class=\"wp-image-521\"\/><figcaption class=\"wp-element-caption\">Spiegel TV, 2002<\/figcaption><\/figure>\n\n\n\n<figure class=\"wp-block-image size-large\"><img loading=\"lazy\" decoding=\"async\" width=\"200\" height=\"216\" data-id=\"518\" src=\"https:\/\/waschbaerschutz.de\/wp-content\/uploads\/2020\/02\/tv_rtl.jpg\" alt=\"\" class=\"wp-image-518\"\/><figcaption class=\"wp-element-caption\">TV Bericht RTL &#8218;Guten Abend RTL&#8216;, Juni 2006<\/figcaption><\/figure>\n<\/figure>\n\n\n<p><!--EndFragment--><\/p>","protected":false},"excerpt":{"rendered":"<p>Reportagen Guten Abend RTL: Waschb\u00e4renj\u00e4ger Frank Becker nimmt sich dem Problem Waschb\u00e4renplage an. Arte: Invasion der kleinen R\u00e4uber Zeitungsartikel &amp; Post HNA Online &#8211; Sie richten hohe Sch\u00e4den an &#8211; Vom 16.01.2020 [PDF ~ 587KB] HNA Online: Japan hat Angst vor Waschb\u00e4ren &#8230; &#8211; Vom 02.03.2012 [PDF ~ 521KB] Pirsch Magazin: Die B\u00e4ren sind los&hellip;&nbsp;<a href=\"https:\/\/waschbaerschutz.de\/?page_id=26\" rel=\"bookmark\">Weiterlesen &raquo;<span class=\"screen-reader-text\">Presse<\/span><\/a><\/p>\n","protected":false},"author":1,"featured_media":0,"parent":0,"menu_order":0,"comment_status":"closed","ping_status":"closed","template":"","meta":{"neve_meta_sidebar":"","neve_meta_container":"","neve_meta_enable_content_width":"off","neve_meta_content_width":0,"neve_meta_title_alignment":"","neve_meta_author_avatar":"","neve_post_elements_order":"","neve_meta_disable_header":"","neve_meta_disable_footer":"","neve_meta_disable_title":"","_themeisle_gutenberg_block_has_review":false,"footnotes":""},"class_list":["post-26","page","type-page","status-publish","hentry"],"_links":{"self":[{"href":"https:\/\/waschbaerschutz.de\/index.php?rest_route=\/wp\/v2\/pages\/26","targetHints":{"allow":["GET"]}}],"collection":[{"href":"https:\/\/waschbaerschutz.de\/index.php?rest_route=\/wp\/v2\/pages"}],"about":[{"href":"https:\/\/waschbaerschutz.de\/index.php?rest_route=\/wp\/v2\/types\/page"}],"author":[{"embeddable":true,"href":"https:\/\/waschbaerschutz.de\/index.php?rest_route=\/wp\/v2\/users\/1"}],"replies":[{"embeddable":true,"href":"https:\/\/waschbaerschutz.de\/index.php?rest_route=%2Fwp%2Fv2%2Fcomments&post=26"}],"version-history":[{"count":25,"href":"https:\/\/waschbaerschutz.de\/index.php?rest_route=\/wp\/v2\/pages\/26\/revisions"}],"predecessor-version":[{"id":741,"href":"https:\/\/waschbaerschutz.de\/index.php?rest_route=\/wp\/v2\/pages\/26\/revisions\/741"}],"wp:attachment":[{"href":"https:\/\/waschbaerschutz.de\/index.php?rest_route=%2Fwp%2Fv2%2Fmedia&parent=26"}],"curies":[{"name":"wp","href":"https:\/\/api.w.org\/{rel}","templated":true}]}}