{"id":27,"date":"2020-01-22T19:34:45","date_gmt":"2020-01-22T19:34:45","guid":{"rendered":"http:\/\/wp.waschbaerschutz.de\/?page_id=27"},"modified":"2020-02-12T22:38:00","modified_gmt":"2020-02-12T22:38:00","slug":"links","status":"publish","type":"page","link":"https:\/\/waschbaerschutz.de\/?page_id=27","title":{"rendered":"Links"},"content":{"rendered":"\n<h2 class=\"wp-block-heading\">Interessante Internetseiten<\/h2>\n\n\n\n<p>Die Waschb\u00e4ren kommen<br><a href=\"http:\/\/www.diewaschbaerenkommen.de\" target=\"_blank\" rel=\"noreferrer noopener\" aria-label=\" (\u00f6ffnet in neuem Tab)\">www.diewaschbaerenkommen.de<\/a><\/p>\n\n\n\n<figure class=\"wp-block-image size-large\"><img loading=\"lazy\" decoding=\"async\" width=\"300\" height=\"42\" src=\"http:\/\/waschbaerschutz.de\/wp-content\/uploads\/2020\/02\/logo_gwn.gif\" alt=\"\" class=\"wp-image-538\"\/><\/figure>\n\n\n\n<p>Gesellschaft f\u00fcr Wild\u00f6kologie und Naturschutz e.V.<br><a href=\"http:\/\/www.GWN.de\" target=\"_blank\" rel=\"noreferrer noopener\" aria-label=\" (\u00f6ffnet in neuem Tab)\">www.GWN.de<\/a><\/p>\n\n\n\n<figure class=\"wp-block-image size-large\"><img loading=\"lazy\" decoding=\"async\" width=\"105\" height=\"134\" src=\"http:\/\/waschbaerschutz.de\/wp-content\/uploads\/2020\/02\/logo_ljv.gif\" alt=\"\" class=\"wp-image-529\"\/><\/figure>\n\n\n\n<p>Landesjagdverband Hessen e.V.<br><a href=\"http:\/\/www.ljv-hessen.de\" target=\"_blank\" rel=\"noreferrer noopener\" aria-label=\" (\u00f6ffnet in neuem Tab)\">www.ljv-hessen.de<\/a><\/p>\n\n\n\n<p>Ingo Bartussek &#8211; Freischaffender K\u00fcnstler<br><a href=\"http:\/\/www.ingo-bartussek.de\" target=\"_blank\" rel=\"noreferrer noopener\" aria-label=\" (\u00f6ffnet in neuem Tab)\">www.ingo-bartussek.de<\/a><\/p>\n\n\n\n<figure class=\"wp-block-image size-large\"><img loading=\"lazy\" decoding=\"async\" width=\"200\" height=\"67\" src=\"http:\/\/waschbaerschutz.de\/wp-content\/uploads\/2020\/02\/Logo-Igel-Arche.png\" alt=\"\" class=\"wp-image-531\"\/><\/figure>\n\n\n\n<p>Igel-Arche e.V, Igel Hospital,<br>Forschung- und Auffangsstation, Notfall-Hotline<br><a href=\"http:\/\/www.igel-arche.de\" target=\"_blank\" rel=\"noreferrer noopener\" aria-label=\" (\u00f6ffnet in neuem Tab)\">www.igel-arche.de<\/a><\/p>\n\n\n\n<p>Hessenj\u00e4ger Kassel e.V.<br><a href=\"http:\/\/www.hessenjaeger-kassel.de\" target=\"_blank\" rel=\"noreferrer noopener\" aria-label=\" (\u00f6ffnet in neuem Tab)\">www.hessenjaeger-kassel.de<\/a><\/p>\n\n\n\n<p>Naturkundemuseums im Ottoneum der Stadt Kassel<br><a href=\"http:\/\/www.naturkundemuseum-kassel.de\" target=\"_blank\" rel=\"noreferrer noopener\" aria-label=\" (\u00f6ffnet in neuem Tab)\">www.naturkundemuseum-kassel.de<\/a><\/p>\n\n\n\n<figure class=\"wp-block-image size-large\"><img loading=\"lazy\" decoding=\"async\" width=\"100\" height=\"57\" src=\"http:\/\/waschbaerschutz.de\/wp-content\/uploads\/2020\/02\/logo_projekt_waschbaer.gif\" alt=\"\" class=\"wp-image-530\"\/><\/figure>\n\n\n\n<p>Projekt waschb\u00e4r<br><a href=\"http:\/\/www.projekt-waschbaer.de\" target=\"_blank\" rel=\"noreferrer noopener\" aria-label=\" (\u00f6ffnet in neuem Tab)\">www.projekt-waschbaer.de<\/a><\/p>\n\n\n\n<figure class=\"wp-block-image size-large\"><img loading=\"lazy\" decoding=\"async\" width=\"100\" height=\"35\" src=\"http:\/\/waschbaerschutz.de\/wp-content\/uploads\/2020\/02\/logo_hna.gif\" alt=\"\" class=\"wp-image-528\"\/><\/figure>\n\n\n\n<p>HNA &#8211; Hessische\/Nieders\u00e4chsische Allgemeine<br><a href=\"http:\/\/www.hna.de\" target=\"_blank\" rel=\"noreferrer noopener\" aria-label=\" (\u00f6ffnet in neuem Tab)\">www.hna.de<\/a><\/p>\n\n\n\n<p>Electra Landtechnik GmbH<br><a href=\"http:\/\/www.electra-gmbh.de\" target=\"_blank\" rel=\"noreferrer noopener\" aria-label=\" (\u00f6ffnet in neuem Tab)\">www.electra-gmbh.de<\/a><br><a href=\"http:\/\/www.weidezaungeraete.com\" target=\"_blank\" rel=\"noreferrer noopener\" aria-label=\" (\u00f6ffnet in neuem Tab)\">www.weidezaungeraete.com<\/a><\/p>\n\n\n\n<h3 class=\"wp-block-heading\">Haftungsausschluss<\/h3>\n\n\n\n<p>Unser Angebot enth\u00e4lt Links zu externen Webseiten Dritter, auf \nderen Inhalte wir keinen Einfluss haben. Deshalb k\u00f6nnen wir f\u00fcr diese \nfremden Inhalte auch keine Gew\u00e4hr \u00fcbernehmen. F\u00fcr die Inhalte der \nverlinkten Seiten ist stets der jeweilige Anbieter oder Betreiber der \nSeiten verantwortlich.<\/p>\n","protected":false},"excerpt":{"rendered":"<p>Interessante Internetseiten Die Waschb\u00e4ren kommenwww.diewaschbaerenkommen.de Gesellschaft f\u00fcr Wild\u00f6kologie und Naturschutz e.V.www.GWN.de Landesjagdverband Hessen e.V.www.ljv-hessen.de Ingo Bartussek &#8211; Freischaffender K\u00fcnstlerwww.ingo-bartussek.de Igel-Arche e.V, Igel Hospital,Forschung- und Auffangsstation, Notfall-Hotlinewww.igel-arche.de Hessenj\u00e4ger Kassel e.V.www.hessenjaeger-kassel.de Naturkundemuseums im Ottoneum der Stadt Kasselwww.naturkundemuseum-kassel.de Projekt waschb\u00e4rwww.projekt-waschbaer.de HNA &#8211; Hessische\/Nieders\u00e4chsische Allgemeinewww.hna.de Electra Landtechnik GmbHwww.electra-gmbh.dewww.weidezaungeraete.com Haftungsausschluss Unser Angebot enth\u00e4lt Links zu externen Webseiten Dritter, auf deren&hellip;&nbsp;<a href=\"https:\/\/waschbaerschutz.de\/?page_id=27\" rel=\"bookmark\">Weiterlesen &raquo;<span class=\"screen-reader-text\">Links<\/span><\/a><\/p>\n","protected":false},"author":1,"featured_media":0,"parent":0,"menu_order":0,"comment_status":"closed","ping_status":"closed","template":"","meta":{"neve_meta_sidebar":"","neve_meta_container":"","neve_meta_enable_content_width":"off","neve_meta_content_width":0,"neve_meta_title_alignment":"","neve_meta_author_avatar":"","neve_post_elements_order":"","neve_meta_disable_header":"","neve_meta_disable_footer":"","neve_meta_disable_title":"","_themeisle_gutenberg_block_has_review":false,"footnotes":""},"class_list":["post-27","page","type-page","status-publish","hentry"],"_links":{"self":[{"href":"https:\/\/waschbaerschutz.de\/index.php?rest_route=\/wp\/v2\/pages\/27","targetHints":{"allow":["GET"]}}],"collection":[{"href":"https:\/\/waschbaerschutz.de\/index.php?rest_route=\/wp\/v2\/pages"}],"about":[{"href":"https:\/\/waschbaerschutz.de\/index.php?rest_route=\/wp\/v2\/types\/page"}],"author":[{"embeddable":true,"href":"https:\/\/waschbaerschutz.de\/index.php?rest_route=\/wp\/v2\/users\/1"}],"replies":[{"embeddable":true,"href":"https:\/\/waschbaerschutz.de\/index.php?rest_route=%2Fwp%2Fv2%2Fcomments&post=27"}],"version-history":[{"count":7,"href":"https:\/\/waschbaerschutz.de\/index.php?rest_route=\/wp\/v2\/pages\/27\/revisions"}],"predecessor-version":[{"id":548,"href":"https:\/\/waschbaerschutz.de\/index.php?rest_route=\/wp\/v2\/pages\/27\/revisions\/548"}],"wp:attachment":[{"href":"https:\/\/waschbaerschutz.de\/index.php?rest_route=%2Fwp%2Fv2%2Fmedia&parent=27"}],"curies":[{"name":"wp","href":"https:\/\/api.w.org\/{rel}","templated":true}]}}