{"id":29,"date":"2020-01-22T19:34:45","date_gmt":"2020-01-22T19:34:45","guid":{"rendered":"http:\/\/wp.waschbaerschutz.de\/?page_id=29"},"modified":"2020-02-11T13:28:29","modified_gmt":"2020-02-11T13:28:29","slug":"datenschutz","status":"publish","type":"page","link":"https:\/\/waschbaerschutz.de\/?page_id=29","title":{"rendered":"Datenschutz"},"content":{"rendered":"\n<h2 class=\"wp-block-heading\">Datenschutzerkl\u00e4rung<\/h2>\n\n\n\n<p>Diese Datenschutzerkl\u00e4rung soll die Nutzer dieser Website \u00fcber die Art, den Umfang und<br>den Zweck der Erhebung und Verwendung personenbezogener Daten durch den<br>Websitebetreiber :<\/p>\n\n\n\n<p>Waschb\u00e4rschutz<\/p>\n\n\n\n<p>Frank Becker<br>Alt Wahlershausen 4<br>34131 Kassel<\/p>\n\n\n\n<p>Telefon: 0561 314871<br>Telefax: 0561 315780<br>Mail:&nbsp;<a href=\"mailto:info@waschbaerschutz.de\">info@waschbaerschutz.de<\/a><\/p>\n\n\n\n<p>USt-IdNR: DE112926279<\/p>\n\n\n\n<p>informieren.<\/p>\n\n\n\n<p>Wir nehmen Ihren Datenschutz sehr ernst und behandeln Ihre personenbezogenen Daten<br>vertraulich und entsprechend der gesetzlichen Vorschriften. Da durch neue Technologien und<br>die st\u00e4ndige Weiterentwicklung dieser Webseite \u00c4nderungen an dieser Datenschutzerkl\u00e4rung<br>vorgenommen werden k\u00f6nnen, empfehlen wir Ihnen sich die Datenschutzerkl\u00e4rung in regelm\u00e4\u00dfigen<br>Abst\u00e4nden wieder durchzulesen. Definitionen der verwendeten Begriffe (z.B. &#8222;personenbezogene<br>Daten&#8220; oder &#8222;Verarbeitung&#8220;) finden Sie in Art. 4 DSGVO.<\/p>\n\n\n\n<p><strong>Zugriffsdaten<\/strong><br>Wir, der Websitebetreiber, erheben aufgrund unseres berechtigten Interesses (s. Art. 6 Abs. 1<br>lit. f. DSGVO) Daten \u00fcber Zugriffe auf die Website und speichern diese als &#8222;Server-Logfiles&#8220; auf<br>dem Server der Website ab. Folgende Daten werden so protokolliert:<\/p>\n\n\n\n<p>&#8211; Besuchte Website<br>&#8211; Uhrzeit zum Zeitpunkt des Zugriffes<br>&#8211; Menge der gesendeten Daten in Byte<br>&#8211; Quelle\/Verweis, von welchem Sie auf die Seite gelangten<br>&#8211; Verwendeter Browser<br>&#8211; Verwendetes Betriebssystem<br>&#8211; Verwendete IP-Adresse<\/p>\n\n\n\n<p>Die Server-Logfiles werden f\u00fcr maximal 7 Tage gespeichert und anschlie\u00dfend gel\u00f6scht. Die<br>Speicherung der Daten erfolgt aus Sicherheitsgr\u00fcnden, um z. B. Missbrauchsf\u00e4lle aufkl\u00e4ren<br>zu k\u00f6nnen. M\u00fcssen Daten aus Beweisgr\u00fcnden aufgehoben werden, sind sie solange von der<br>L\u00f6schung ausgenommen bis der Vorfall endg\u00fcltig gekl\u00e4rt ist.<\/p>\n\n\n\n<p><strong>Umgang mit Kontaktdaten<\/strong><br>Nehmen Sie mit uns als Websitebetreiber durch die angebotenen Kontaktm\u00f6glichkeiten<br>Verbindung auf, werden Ihre Angaben gespeichert, damit auf diese zur Bearbeitung und<br>Beantwortung Ihrer Anfrage zur\u00fcckgegriffen werden kann. Ohne Ihre Einwilligung werden<br>diese Daten nicht an Dritte weitergegeben.<\/p>\n\n\n\n<p><strong>Google Analytics<\/strong><br>Diese Website nutzt aufgrund unserer berechtigten Interessen zur Optimierung und Analyse<br>unseres Online-Angebots im Sinne des Art. 6 Abs. 1 lit. f. DSGVO den Dienst &#8222;Google<br>Analytics&#8220;, welcher von der Google Inc. (1600 Amphitheatre Parkway Mountain View, CA<br>94043, USA) angeboten wird. Der Dienst (Google Analytics) verwendet &#8222;Cookies&#8220; -Textdateien, welche auf Ihrem Endger\u00e4t gespeichert werden. Die durch die Cookies<br>gesammelten Informationen werden im Regelfall an einen Google-Server in den USA<br>gesandt und dort gespeichert.<br>Google LLC h\u00e4lt das europ\u00e4ische Datenschutzrecht ein und ist unter dem Privacy-ShieldAbkommen<br>zertifiziert:<br><a rel=\"noreferrer noopener\" aria-label=\" (\u00f6ffnet in neuem Tab)\" href=\"https:\/\/www.privacyshield.gov\/participant?id=a2zt000000001L5AAI&amp;status=Active\" target=\"_blank\">https:\/\/www.privacyshield.gov\/participant?id=a2zt000000001L5AAI&amp;status=Active<\/a><br>Auf dieser Website greift die IP-Anonymisierung. Die IP-Adresse der Nutzer wird innerhalb<br>der Mitgliedsstaaten der EU und des Europ\u00e4ischen Wirtschaftsraum und in den anderen<br>Vertragsstaaten des Abkommens gek\u00fcrzt. Nur in Einzelf\u00e4llen wird die IP-Adresse zun\u00e4chst<br>ungek\u00fcrzt in die USA an einen Server von Google \u00fcbertragen und dort gek\u00fcrzt. Durch diese<br>K\u00fcrzung entf\u00e4llt der Personenbezug Ihrer IP-Adresse. Die vom Browser \u00fcbermittelte IPAdresse<br>des Nutzers wird nicht mit anderen von Google gespeicherten Daten kombiniert.<br>Im Rahmen der Vereinbarung zur Auftragsdatenvereinbarung, welche wir als<br>Websitebetreiber mit der Google Inc. geschlossen haben, erstellt diese mithilfe der<br>gesammelten Informationen eine Auswertung der Websitenutzung und der Websiteaktivit\u00e4t<br>und erbringt mit der Internetnutzung verbundene Dienstleistungen.<br>Die von Google in unserem Auftrag erhobenen Daten werden genutzt, um die Nutzung<br>unseres Online-Angebots durch die einzelnen Nutzer auswerten zu k\u00f6nnen, z. B. um<br>Reports \u00fcber die Aktivit\u00e4t auf der Website zu erstellen, um unser Online-Angebot zu<br>verbessern.<br>Sie haben die M\u00f6glichkeit, die Speicherung der Cookies auf Ihrem Ger\u00e4t zu verhindern,<br>indem Sie in Ihrem Browser entsprechende Einstellungen vornehmen. Es ist nicht<br>gew\u00e4hrleistet, dass Sie auf alle Funktionen dieser Website ohne Einschr\u00e4nkungen zugreifen<br>k\u00f6nnen, wenn Ihr Browser keine Cookies zul\u00e4sst.<br>Weiterhin k\u00f6nnen Sie durch ein Browser-Plugin verhindern, dass die durch Cookies<br>gesammelten Informationen (inklusive Ihrer IP-Adresse) an die Google Inc. gesendet und<br>von der Google Inc. genutzt werden. Folgender Link f\u00fchrt Sie zu dem entsprechenden<br>Plugin:\u00a0<a rel=\"noreferrer noopener\" aria-label=\" (\u00f6ffnet in neuem Tab)\" href=\"https:\/\/tools.google.com\/dlpage\/gaoptout?hl=de\" target=\"_blank\">https:\/\/tools.google.com\/dlpage\/gaoptout?hl=de<\/a><br>Alternativ verhindern Sie mit einem Klick auf diesen Link (WICHTIG: Opt-Out-Link einf\u00fcgen),<br>dass Google Analytics innerhalb dieser Website Daten \u00fcber Sie erfasst. Mit dem Klick auf<br>obigen Link laden Sie ein &#8222;Opt-Out-Cookie&#8220; herunter. Ihr Browser muss die Speicherung von<br>Cookies also hierzu grunds\u00e4tzlich erlauben. L\u00f6schen Sie Ihre Cookies regelm\u00e4\u00dfig, ist ein<br>erneuter Klick auf den Link bei jedem Besuch dieser Website vonn\u00f6ten.<br>Muster von <a rel=\"noreferrer noopener\" aria-label=\"datenschutz.org (\u00f6ffnet in neuem Tab)\" href=\"http:\/\/datenschutz.org\" target=\"_blank\">datenschutz.org<\/a><br>Hier finden Sie weitere Informationen zur Datennutzung durch die Google Inc.:<br>&#8211;\u00a0<a rel=\"noreferrer noopener\" aria-label=\" (\u00f6ffnet in neuem Tab)\" href=\"https:\/\/policies.google.com\/privacy\/partners?hl=de\" target=\"_blank\">https:\/\/policies.google.com\/privacy\/partners?hl=de<\/a>\u00a0(Daten, die von GooglePartnern<br>erhoben werden)<br>&#8211;\u00a0<a rel=\"noreferrer noopener\" aria-label=\" (\u00f6ffnet in neuem Tab)\" href=\"https:\/\/adssettings.google.de\/authenticated\" target=\"_blank\">https:\/\/adssettings.google.de\/authenticated<\/a>\u00a0(Einstellungen \u00fcber Werbung, die<br>Ihnen angezeigt wird)<br>&#8211;\u00a0<a rel=\"noreferrer noopener\" aria-label=\" (\u00f6ffnet in neuem Tab)\" href=\"https:\/\/policies.google.com\/technologies\/ads?hl=de\" target=\"_blank\">https:\/\/policies.google.com\/technologies\/ads?hl=de<\/a>\u00a0(Verwendung von Cookies in<br>Anzeigen)<\/p>\n\n\n\n<p><strong>Rechte des Nutzers<\/strong><br>Sie haben als Nutzer das Recht, auf Antrag eine kostenlose Auskunft dar\u00fcber zu erhalten,<br>welche personenbezogenen Daten \u00fcber Sie gespeichert wurden. Sie haben au\u00dferdem das Recht auf Berichtigung falscher Daten und auf die Verarbeitungseinschr\u00e4nkung oder<br>L\u00f6schung Ihrer personenbezogenen Daten. Falls zutreffend, k\u00f6nnen Sie auch Ihr Recht auf<br>Datenportabilit\u00e4t geltend machen. Sollten Sie annehmen, dass Ihre Daten unrechtm\u00e4\u00dfig<br>verarbeitet wurden, k\u00f6nnen Sie eine Beschwerde bei der zust\u00e4ndigen Aufsichtsbeh\u00f6rde<br>einreichen.<\/p>\n\n\n\n<p><strong>Datenschutzbeh\u00f6rde:<\/strong><br><a href=\"https:\/\/www.bfdi.bund.de\/DE\/Infothek\/Anschriften_Links\/anschriften_links-node.html\" target=\"_blank\" rel=\"noreferrer noopener\" aria-label=\" (\u00f6ffnet in neuem Tab)\">https:\/\/www.bfdi.bund.de\/DE\/Infothek\/Anschriften_Links\/anschriften_links-node.html<\/a><\/p>\n\n\n\n<p>Der Hessische Datenschutzbeauftragte<br>Postfach 3163<br>65021 Wiesbaden<br>E-Mail:&nbsp;<a href=\"mailto:Poststelle@datenschutz.hessen.de\">Poststelle@datenschutz.hessen.de<\/a><\/p>\n\n\n\n<p>Telefon: +49 611 1408 &#8211; 0<br>Telefax: +49 611 1408 &#8211; 900<\/p>\n\n\n\n<p><strong>L\u00f6schung von Daten<\/strong><br>Sofern Ihr Wunsch nicht mit einer gesetzlichen Pflicht zur Aufbewahrung von Daten (z. B.<br>Vorratsdatenspeicherung) kollidiert, haben Sie ein Anrecht auf L\u00f6schung Ihrer Daten. Von<br>uns gespeicherte Daten werden, sollten sie f\u00fcr ihre Zweckbestimmung nicht mehr vonn\u00f6ten<br>sein und es keine gesetzlichen Aufbewahrungsfristen geben, gel\u00f6scht. Falls eine L\u00f6schung<br>nicht durchgef\u00fchrt werden kann, da die Daten f\u00fcr zul\u00e4ssige gesetzliche Zwecke erforderlich<br>sind, erfolgt eine Einschr\u00e4nkung der Datenverarbeitung. In diesem Fall werden die Daten<br>gesperrt und nicht f\u00fcr andere Zwecke verarbeitet.<br>Widerspruchsrecht<br>Nutzer dieser Webseite k\u00f6nnen von ihrem Widerspruchsrecht Gebrauch machen und der<br>Verarbeitung ihrer personenbezogenen Daten zu jeder Zeit widersprechen.<br>Muster von datenschutz.org<br>Wenn Sie eine Berichtigung, Sperrung, L\u00f6schung oder Auskunft \u00fcber die zu Ihrer Person<br>gespeicherten personenbezogenen Daten w\u00fcnschen oder Fragen bzgl. der Erhebung,<br>Verarbeitung oder Verwendung Ihrer personenbezogenen Daten haben oder erteilte<br>Einwilligungen widerrufen m\u00f6chten, wenden Sie sich bitte an folgende E-Mail-Adresse:<\/p>\n\n\n\n<p><a href=\"mailto:info@waschbaerschutz.de\">info@waschbaerschutz.de<\/a><\/p>\n\n\n\n<h3 class=\"wp-block-heading\">Fotos:<\/h3>\n\n\n\n<p>Frank Becker&nbsp;\n\n<\/p>\n","protected":false},"excerpt":{"rendered":"<p>Datenschutzerkl\u00e4rung Diese Datenschutzerkl\u00e4rung soll die Nutzer dieser Website \u00fcber die Art, den Umfang undden Zweck der Erhebung und Verwendung personenbezogener Daten durch denWebsitebetreiber : Waschb\u00e4rschutz Frank BeckerAlt Wahlershausen 434131 Kassel Telefon: 0561 314871Telefax: 0561 315780Mail:&nbsp;info@waschbaerschutz.de USt-IdNR: DE112926279 informieren. Wir nehmen Ihren Datenschutz sehr ernst und behandeln Ihre personenbezogenen Datenvertraulich und entsprechend der gesetzlichen Vorschriften. Da&hellip;&nbsp;<a href=\"https:\/\/waschbaerschutz.de\/?page_id=29\" rel=\"bookmark\">Weiterlesen &raquo;<span class=\"screen-reader-text\">Datenschutz<\/span><\/a><\/p>\n","protected":false},"author":1,"featured_media":0,"parent":0,"menu_order":0,"comment_status":"closed","ping_status":"closed","template":"","meta":{"neve_meta_sidebar":"","neve_meta_container":"","neve_meta_enable_content_width":"off","neve_meta_content_width":0,"neve_meta_title_alignment":"","neve_meta_author_avatar":"","neve_post_elements_order":"","neve_meta_disable_header":"","neve_meta_disable_footer":"","neve_meta_disable_title":"","_themeisle_gutenberg_block_has_review":false,"footnotes":""},"class_list":["post-29","page","type-page","status-publish","hentry"],"_links":{"self":[{"href":"https:\/\/waschbaerschutz.de\/index.php?rest_route=\/wp\/v2\/pages\/29","targetHints":{"allow":["GET"]}}],"collection":[{"href":"https:\/\/waschbaerschutz.de\/index.php?rest_route=\/wp\/v2\/pages"}],"about":[{"href":"https:\/\/waschbaerschutz.de\/index.php?rest_route=\/wp\/v2\/types\/page"}],"author":[{"embeddable":true,"href":"https:\/\/waschbaerschutz.de\/index.php?rest_route=\/wp\/v2\/users\/1"}],"replies":[{"embeddable":true,"href":"https:\/\/waschbaerschutz.de\/index.php?rest_route=%2Fwp%2Fv2%2Fcomments&post=29"}],"version-history":[{"count":4,"href":"https:\/\/waschbaerschutz.de\/index.php?rest_route=\/wp\/v2\/pages\/29\/revisions"}],"predecessor-version":[{"id":270,"href":"https:\/\/waschbaerschutz.de\/index.php?rest_route=\/wp\/v2\/pages\/29\/revisions\/270"}],"wp:attachment":[{"href":"https:\/\/waschbaerschutz.de\/index.php?rest_route=%2Fwp%2Fv2%2Fmedia&parent=29"}],"curies":[{"name":"wp","href":"https:\/\/api.w.org\/{rel}","templated":true}]}}